{"id":2367,"date":"2026-02-11T15:51:21","date_gmt":"2026-02-11T14:51:21","guid":{"rendered":"https:\/\/lyfense-pro.mrmilu.com\/legal-notice\/"},"modified":"2026-04-13T12:00:14","modified_gmt":"2026-04-13T10:00:14","slug":"aviso-legal","status":"publish","type":"page","link":"https:\/\/lyfense.com\/es\/aviso-legal\/","title":{"rendered":"Aviso Legal"},"content":{"rendered":"\n<p><strong>Nombre: <\/strong>Lynx Financial Crime Tech S.A.<br><strong>Domicilio social: <\/strong>Avda de Cantabria s\/n, 28660 Boadilla del Monte (Madrid)<br><strong>CIF<\/strong>: A-10971489<br><strong>Contacto del delegado de protecci\u00f3n de datos: <\/strong>privacy@lynxtech.com<\/p>\n\n\n\n<p>Esta p\u00e1gina web es propiedad de<strong>\u00a0LYNX FINANCIAL CRIME TECH S.A.<\/strong>\u00a0(en adelante\u00a0<strong>LFCT<\/strong>), sociedad constituida conforme a la legislaci\u00f3n espa\u00f1ola, con domicilio social en Avda. de Cantabria s\/n, 28660 Boadilla del Monte (Madrid), CIF A-10971489, e inscrita en el Registro Mercantil de Madrid, en el Tomo 43919, Folio 30, Hoja M-775000.<\/p>\n\n\n\n<p>E-mail de contacto:\u202f\u00a0<a href=\"mailto:info@lynxtech.com\">info@lynxtech.com<\/a><\/p>\n\n\n\n<h2 class=\"wp-block-heading\"><strong><strong>T\u00e9rminos y Condiciones de Uso del Sitio Web<\/strong><\/strong><\/h2>\n\n\n\n<p>Le rogamos que lea atentamente los presentes t\u00e9rminos y condiciones de uso del sitio web (en adelante, los \u201cT\u00e9rminos y Condiciones de Uso\u201d). Los usuarios del sitio web deben cumplir con estos t\u00e9rminos y condiciones en todo momento. El mero acceso y uso de este sitio y cualquiera de sus p\u00e1ginas (en adelante, el \u201cSitio Web\u201d) le convierte en usuario (en adelante, el \u201cUsuario\u201d) e implica autom\u00e1ticamente la aceptaci\u00f3n plena de todos estos T\u00e9rminos y Condiciones de Uso.<\/p>\n\n\n\n<p>Los T\u00e9rminos y Condiciones de Uso, junto con el Aviso Legal, la Pol\u00edtica de Privacidad y la Pol\u00edtica de Cookies, constituyen los t\u00e9rminos y condiciones que regulan el acceso y uso de este sitio web de car\u00e1cter p\u00fablico.<\/p>\n\n\n\n<p>El Usuario se compromete a utilizar el Sitio Web de conformidad con la legislaci\u00f3n vigente aplicable, la buena fe y el orden p\u00fablico. Asimismo, se compromete a no utilizar el Sitio Web con fines fraudulentos ni para realizar conductas que puedan da\u00f1ar la imagen, los intereses o los derechos de LFCT, as\u00ed como acciones que puedan da\u00f1ar, inutilizar o sobrecargar el Sitio Web, o que impidan de cualquier forma su normal funcionamiento o uso.<\/p>\n\n\n\n<p>Se informa al Usuario de que, en caso de incumplir o comprometer la integridad del contenido u obligaciones recogidas en los T\u00e9rminos y Condiciones del Sitio Web, LFCT se reserva el derecho a restringir, limitar, suspender o finalizar el acceso del Usuario al Sitio Web, pudiendo adoptar para ello cualquier medida t\u00e9cnica que considere necesaria.<\/p>\n\n\n\n<p>Asimismo, LFCT se reserva el derecho de actualizar, modificar o eliminar la informaci\u00f3n contenida en el Sitio Web, incluyendo los contenidos y\/o servicios ofrecidos, as\u00ed como suspender, cancelar, restringir, limitar o revocar el acceso a dicha informaci\u00f3n, enlaces o servicios en cualquier momento y sin previo aviso. En particular, LFCT se reserva el derecho de eliminar, restringir o limitar el acceso al Sitio Web por dificultades t\u00e9cnicas u otras causas ajenas a LFCT que, a su juicio, disminuyan, anulen o comprometan los niveles de seguridad o requisitos necesarios para el correcto funcionamiento del Sitio Web.<\/p>\n\n\n\n<h2 class=\"wp-block-heading\"><strong>Contenido<\/strong><\/h2>\n\n\n\n<p>Aunque LFCT ha obtenido la informaci\u00f3n y materiales incluidos en el Sitio Web de fuentes que considera fiables, y ha tomado medidas razonables para asegurar que los datos y la informaci\u00f3n contenidos sean correctos, no garantiza que sean precisos, completos o actualizados, por lo que no deben considerarse como tales. LFCT declina expresamente toda responsabilidad por cualquier error u omisi\u00f3n en la informaci\u00f3n contenida en las p\u00e1ginas del Sitio Web.<\/p>\n\n\n\n<p>Tampoco asumir\u00e1 responsabilidad alguna por informaci\u00f3n contenida en el Sitio Web que no cumpla con las expectativas de los Usuarios ni por opiniones o comentarios que puedan aparecer en el Sitio Web o ser emitidos por Usuarios individuales.<\/p>\n\n\n\n<p>El Usuario se compromete a no eliminar, modificar, eludir o manipular ning\u00fan sistema o dispositivo de seguridad instalado en el Sitio Web.<\/p>\n\n\n\n<p>La informaci\u00f3n contenida en el Sitio Web tiene car\u00e1cter meramente informativo y no constituye en ning\u00fan caso ning\u00fan tipo de recomendaci\u00f3n. Por tanto, no debe interpretarse como asesoramiento legal, fiscal, financiero, de inversi\u00f3n o t\u00e9cnico; ni como una oferta por parte de LFCT, ni como una recomendaci\u00f3n para realizar ninguna transacci\u00f3n u operaci\u00f3n; ni utilizarse como base para la toma de decisiones de ning\u00fan tipo. LFCT no asumir\u00e1 responsabilidad alguna por el uso que se haga de la informaci\u00f3n contenida en el Sitio Web. En este sentido, la informaci\u00f3n contenida en el Sitio Web est\u00e1 sujeta a la legislaci\u00f3n vigente aplicable en Espa\u00f1a y, por tanto, no est\u00e1 dirigida a usuarios que operen en otras jurisdicciones en las que se exijan requisitos distintos para la divulgaci\u00f3n o publicaci\u00f3n de la informaci\u00f3n contenida en este Sitio Web.<\/p>\n\n\n\n<p>LFCT no ser\u00e1 responsable de ning\u00fan tipo de da\u00f1o, perjuicio, p\u00e9rdida, reclamaci\u00f3n o gasto de ninguna clase, ya sea como consecuencia directa o indirecta del uso del Sitio Web, de la informaci\u00f3n contenida en \u00e9l, o a la que se haya accedido a trav\u00e9s del Sitio Web, de virus inform\u00e1ticos, fallos operativos o interrupciones del servicio o de la transmisi\u00f3n, fallos en la l\u00ednea, o de cualquier otro uso del Sitio Web, ya sea mediante conexi\u00f3n directa, por enlace o por cualquier otro medio.<\/p>\n\n\n\n<h2 class=\"wp-block-heading\"><strong>Enlaces<\/strong><\/h2>\n\n\n\n<p>LFCT no ser\u00e1 responsable de los sitios web de terceros que puedan ser accesibles mediante enlaces ni del contenido puesto a disposici\u00f3n por terceros. Cualquier uso de un enlace no titular o el acceso a un sitio web de terceros se realiza bajo la exclusiva responsabilidad y decisi\u00f3n del Usuario. LFCT no recomienda ni garantiza ninguna informaci\u00f3n obtenida a trav\u00e9s de un enlace, ni asume responsabilidad por p\u00e9rdidas, reclamaciones o da\u00f1os derivados del uso o mal uso de un enlace, o de la informaci\u00f3n obtenida mediante el mismo, incluyendo otros enlaces o sitios web, interrupciones en el servicio o intentos de utilizar o manipular un enlace, tanto si se accede desde el Sitio Web como si se accede a otro sitio web desde el Sitio Web.<\/p>\n\n\n\n<h2 class=\"wp-block-heading\"><strong>Propiedad Intelectual e Industrial<\/strong><\/h2>\n\n\n\n<p>Salvo indicaci\u00f3n expresa en contrario, LFCT y\/o sus licenciantes son titulares de los derechos de propiedad intelectual e industrial sobre el uso y reproducci\u00f3n del presente Sitio Web, sus p\u00e1ginas, pantallas, la informaci\u00f3n contenida, su apariencia, estructura, dise\u00f1o, c\u00f3digo fuente, archivos de audio y software. Todos los nombres, dise\u00f1os y\/o logotipos que figuran en el Sitio Web est\u00e1n debidamente registrados y son propiedad de LFCT y\/o sus licenciantes. Cualquier uso indebido por parte de personas distintas de sus leg\u00edtimos titulares podr\u00e1 ser perseguido conforme a la legislaci\u00f3n vigente.<\/p>\n\n\n\n<p>La utilizaci\u00f3n del Sitio Web por parte del Usuario no implica en ning\u00fan caso la cesi\u00f3n o transmisi\u00f3n de derechos de propiedad intelectual y\/o industrial sobre el Sitio Web, sus contenidos y\/o marcas y otros signos distintivos de LFCT o de terceros. Salvo autorizaci\u00f3n previa y expresa de LFCT o en los casos permitidos por la ley, queda expresamente prohibido reproducir, copiar, comunicar p\u00fablicamente, transformar, extraer, reutilizar, distribuir, ceder o transferir, modificar, alterar o suprimir la informaci\u00f3n, contenidos y\/o marcas o signos distintivos de LFCT o de terceros incorporados al Sitio Web, as\u00ed como reproducir, distribuir o comunicar p\u00fablicamente total o parcialmente los contenidos del Sitio Web con fines comerciales. LFCT se reserva el derecho a iniciar las acciones legales pertinentes frente a Usuarios que vulneren sus derechos de propiedad intelectual y\/o industrial.<\/p>\n\n\n\n<h2 class=\"wp-block-heading\"><strong><strong>Protecci\u00f3n de Datos Personales<\/strong><\/strong><\/h2>\n\n\n\n<p>Las cuestiones relacionadas con el tratamiento de datos personales de los Usuarios est\u00e1n reguladas en la Pol\u00edtica de Privacidad.<\/p>\n\n\n\n<h2 class=\"wp-block-heading\"><strong><br>Uso de Cookies<\/strong><\/h2>\n\n\n\n<p>Este Sitio Web utiliza una tecnolog\u00eda denominada cookies. El uso de cookies por parte de LFCT se regula conforme a lo dispuesto en su Pol\u00edtica de Cookies.<\/p>\n\n\n\n<h2 class=\"wp-block-heading\"><strong>Legislaci\u00f3n aplicable<\/strong><\/h2>\n\n\n\n<p>Las presentes condiciones se rigen por la legislaci\u00f3n espa\u00f1ola.<\/p>\n\n\n\n<p>\u00a9 2023 Lynx Financial Crime Tech S.A. Todos los derechos reservados<\/p>\n","protected":false},"excerpt":{"rendered":"<p>Nombre: Lynx Financial Crime Tech S.A.Domicilio social: Avda de Cantabria s\/n, 28660 Boadilla del Monte (Madrid)CIF: A-10971489Contacto del delegado de protecci\u00f3n de datos: privacy@lynxtech.com Esta p\u00e1gina web es propiedad de\u00a0LYNX FINANCIAL CRIME TECH S.A.\u00a0(en adelante\u00a0LFCT), sociedad constituida conforme a la legislaci\u00f3n espa\u00f1ola, con domicilio social en Avda. de Cantabria s\/n, 28660 Boadilla del Monte (Madrid), [&hellip;]<\/p>\n","protected":false},"author":1,"featured_media":0,"parent":0,"menu_order":0,"comment_status":"closed","ping_status":"closed","template":"","meta":{"_acf_changed":false,"_uag_custom_page_level_css":"","footnotes":""},"class_list":["post-2367","page","type-page","status-publish","hentry"],"acf":[],"yoast_head":"<!-- This site is optimized with the Yoast SEO plugin v27.4 - https:\/\/yoast.com\/product\/yoast-seo-wordpress\/ -->\n<title>Aviso Legal | Lyfense<\/title>\n<meta name=\"description\" content=\"Consulta el Aviso Legal de Lyfense: informaci\u00f3n sobre el titular del sitio, condiciones de uso y responsabilidad legal.\" \/>\n<meta name=\"robots\" content=\"index, follow, max-snippet:-1, max-image-preview:large, max-video-preview:-1\" \/>\n<link rel=\"canonical\" href=\"https:\/\/lyfense.com\/es\/aviso-legal\/\" \/>\n<meta property=\"og:locale\" content=\"es_ES\" \/>\n<meta property=\"og:type\" content=\"article\" \/>\n<meta property=\"og:title\" content=\"Aviso Legal | Lyfense\" \/>\n<meta property=\"og:description\" content=\"Consulta el Aviso Legal de Lyfense: informaci\u00f3n sobre el titular del sitio, condiciones de uso y responsabilidad legal.\" \/>\n<meta property=\"og:url\" content=\"https:\/\/lyfense.com\/es\/aviso-legal\/\" \/>\n<meta property=\"og:site_name\" content=\"Lyfense\" \/>\n<meta property=\"article:modified_time\" content=\"2026-04-13T10:00:14+00:00\" \/>\n<meta name=\"twitter:card\" content=\"summary_large_image\" \/>\n<meta name=\"twitter:label1\" content=\"Tiempo de lectura\" \/>\n\t<meta name=\"twitter:data1\" content=\"6 minutos\" \/>\n<script type=\"application\/ld+json\" class=\"yoast-schema-graph\">{\"@context\":\"https:\\\/\\\/schema.org\",\"@graph\":[{\"@type\":\"WebPage\",\"@id\":\"https:\\\/\\\/lyfense.com\\\/es\\\/aviso-legal\\\/\",\"url\":\"https:\\\/\\\/lyfense.com\\\/es\\\/aviso-legal\\\/\",\"name\":\"Aviso Legal | Lyfense\",\"isPartOf\":{\"@id\":\"\\\/#website\"},\"datePublished\":\"2026-02-11T14:51:21+00:00\",\"dateModified\":\"2026-04-13T10:00:14+00:00\",\"description\":\"Consulta el Aviso Legal de Lyfense: informaci\u00f3n sobre el titular del sitio, condiciones de uso y responsabilidad legal.\",\"breadcrumb\":{\"@id\":\"https:\\\/\\\/lyfense.com\\\/es\\\/aviso-legal\\\/#breadcrumb\"},\"inLanguage\":\"es\",\"potentialAction\":[{\"@type\":\"ReadAction\",\"target\":[\"https:\\\/\\\/lyfense.com\\\/es\\\/aviso-legal\\\/\"]}]},{\"@type\":\"BreadcrumbList\",\"@id\":\"https:\\\/\\\/lyfense.com\\\/es\\\/aviso-legal\\\/#breadcrumb\",\"itemListElement\":[{\"@type\":\"ListItem\",\"position\":1,\"name\":\"Home\",\"item\":\"https:\\\/\\\/lyfense.com\\\/es\\\/\"},{\"@type\":\"ListItem\",\"position\":2,\"name\":\"Aviso Legal\"}]},{\"@type\":\"WebSite\",\"@id\":\"\\\/#website\",\"url\":\"\\\/\",\"name\":\"Lyfense\",\"description\":\"\",\"publisher\":{\"@id\":\"\\\/#organization\"},\"potentialAction\":[{\"@type\":\"SearchAction\",\"target\":{\"@type\":\"EntryPoint\",\"urlTemplate\":\"\\\/?s={search_term_string}\"},\"query-input\":{\"@type\":\"PropertyValueSpecification\",\"valueRequired\":true,\"valueName\":\"search_term_string\"}}],\"inLanguage\":\"es\"},{\"@type\":\"Organization\",\"@id\":\"\\\/#organization\",\"name\":\"Lyfense\",\"alternateName\":\"Lyfense\",\"url\":\"\\\/\",\"logo\":{\"@type\":\"ImageObject\",\"inLanguage\":\"es\",\"@id\":\"\\\/#\\\/schema\\\/logo\\\/image\\\/\",\"url\":\"https:\\\/\\\/lyfense.com\\\/wp-content\\\/uploads\\\/2026\\\/03\\\/Lyfense-Logo-Horizontal-Black-2.svg\",\"contentUrl\":\"https:\\\/\\\/lyfense.com\\\/wp-content\\\/uploads\\\/2026\\\/03\\\/Lyfense-Logo-Horizontal-Black-2.svg\",\"width\":1,\"height\":1,\"caption\":\"Lyfense\"},\"image\":{\"@id\":\"\\\/#\\\/schema\\\/logo\\\/image\\\/\"},\"sameAs\":[\"https:\\\/\\\/www.linkedin.com\\\/company\\\/lynxtech-ai\\\/\",\"https:\\\/\\\/www.youtube.com\\\/@lynxtech-ai\"]}]}<\/script>\n<!-- \/ Yoast SEO plugin. -->","yoast_head_json":{"title":"Aviso Legal | Lyfense","description":"Consulta el Aviso Legal de Lyfense: informaci\u00f3n sobre el titular del sitio, condiciones de uso y responsabilidad legal.","robots":{"index":"index","follow":"follow","max-snippet":"max-snippet:-1","max-image-preview":"max-image-preview:large","max-video-preview":"max-video-preview:-1"},"canonical":"https:\/\/lyfense.com\/es\/aviso-legal\/","og_locale":"es_ES","og_type":"article","og_title":"Aviso Legal | Lyfense","og_description":"Consulta el Aviso Legal de Lyfense: informaci\u00f3n sobre el titular del sitio, condiciones de uso y responsabilidad legal.","og_url":"https:\/\/lyfense.com\/es\/aviso-legal\/","og_site_name":"Lyfense","article_modified_time":"2026-04-13T10:00:14+00:00","twitter_card":"summary_large_image","twitter_misc":{"Tiempo de lectura":"6 minutos"},"schema":{"@context":"https:\/\/schema.org","@graph":[{"@type":"WebPage","@id":"https:\/\/lyfense.com\/es\/aviso-legal\/","url":"https:\/\/lyfense.com\/es\/aviso-legal\/","name":"Aviso Legal | Lyfense","isPartOf":{"@id":"\/#website"},"datePublished":"2026-02-11T14:51:21+00:00","dateModified":"2026-04-13T10:00:14+00:00","description":"Consulta el Aviso Legal de Lyfense: informaci\u00f3n sobre el titular del sitio, condiciones de uso y responsabilidad legal.","breadcrumb":{"@id":"https:\/\/lyfense.com\/es\/aviso-legal\/#breadcrumb"},"inLanguage":"es","potentialAction":[{"@type":"ReadAction","target":["https:\/\/lyfense.com\/es\/aviso-legal\/"]}]},{"@type":"BreadcrumbList","@id":"https:\/\/lyfense.com\/es\/aviso-legal\/#breadcrumb","itemListElement":[{"@type":"ListItem","position":1,"name":"Home","item":"https:\/\/lyfense.com\/es\/"},{"@type":"ListItem","position":2,"name":"Aviso Legal"}]},{"@type":"WebSite","@id":"\/#website","url":"\/","name":"Lyfense","description":"","publisher":{"@id":"\/#organization"},"potentialAction":[{"@type":"SearchAction","target":{"@type":"EntryPoint","urlTemplate":"\/?s={search_term_string}"},"query-input":{"@type":"PropertyValueSpecification","valueRequired":true,"valueName":"search_term_string"}}],"inLanguage":"es"},{"@type":"Organization","@id":"\/#organization","name":"Lyfense","alternateName":"Lyfense","url":"\/","logo":{"@type":"ImageObject","inLanguage":"es","@id":"\/#\/schema\/logo\/image\/","url":"https:\/\/lyfense.com\/wp-content\/uploads\/2026\/03\/Lyfense-Logo-Horizontal-Black-2.svg","contentUrl":"https:\/\/lyfense.com\/wp-content\/uploads\/2026\/03\/Lyfense-Logo-Horizontal-Black-2.svg","width":1,"height":1,"caption":"Lyfense"},"image":{"@id":"\/#\/schema\/logo\/image\/"},"sameAs":["https:\/\/www.linkedin.com\/company\/lynxtech-ai\/","https:\/\/www.youtube.com\/@lynxtech-ai"]}]}},"spectra_custom_meta":{"_last_translation_edit_mode":["translation-editor"],"_top_nav_excluded":[""],"_cms_nav_minihome":[""],"_wpml_word_count":["1294"],"_edit_lock":["1776074416:1"],"_edit_last":["1"],"_lynx_hide_title":["0"],"_wp_page_template":[""],"_yoast_wpseo_content_score":["30"],"_yoast_wpseo_estimated-reading-time-minutes":["6"],"_yoast_wpseo_title":["Aviso Legal | Lyfense"],"_yoast_wpseo_metadesc":["Consulta el Aviso Legal de Lyfense: informaci\u00f3n sobre el titular del sitio, condiciones de uso y responsabilidad legal."],"_uag_css_file_name":["uag-css-2367.css"],"_uagb_previous_block_counts":["a:90:{s:21:\"uagb\/advanced-heading\";i:0;s:15:\"uagb\/blockquote\";i:0;s:12:\"uagb\/buttons\";i:0;s:18:\"uagb\/buttons-child\";i:0;s:19:\"uagb\/call-to-action\";i:0;s:15:\"uagb\/cf7-styler\";i:0;s:11:\"uagb\/column\";i:0;s:12:\"uagb\/columns\";i:0;s:14:\"uagb\/container\";i:0;s:21:\"uagb\/content-timeline\";i:0;s:27:\"uagb\/content-timeline-child\";i:0;s:14:\"uagb\/countdown\";i:0;s:12:\"uagb\/counter\";i:0;s:8:\"uagb\/faq\";i:0;s:14:\"uagb\/faq-child\";i:0;s:10:\"uagb\/forms\";i:0;s:17:\"uagb\/forms-accept\";i:0;s:19:\"uagb\/forms-checkbox\";i:0;s:15:\"uagb\/forms-date\";i:0;s:16:\"uagb\/forms-email\";i:0;s:17:\"uagb\/forms-hidden\";i:0;s:15:\"uagb\/forms-name\";i:0;s:16:\"uagb\/forms-phone\";i:0;s:16:\"uagb\/forms-radio\";i:0;s:17:\"uagb\/forms-select\";i:0;s:19:\"uagb\/forms-textarea\";i:0;s:17:\"uagb\/forms-toggle\";i:0;s:14:\"uagb\/forms-url\";i:0;s:14:\"uagb\/gf-styler\";i:0;s:15:\"uagb\/google-map\";i:0;s:11:\"uagb\/how-to\";i:0;s:16:\"uagb\/how-to-step\";i:0;s:9:\"uagb\/icon\";i:0;s:14:\"uagb\/icon-list\";i:0;s:20:\"uagb\/icon-list-child\";i:0;s:10:\"uagb\/image\";i:0;s:18:\"uagb\/image-gallery\";i:0;s:13:\"uagb\/info-box\";i:0;s:18:\"uagb\/inline-notice\";i:0;s:11:\"uagb\/lottie\";i:0;s:21:\"uagb\/marketing-button\";i:0;s:10:\"uagb\/modal\";i:0;s:18:\"uagb\/popup-builder\";i:0;s:16:\"uagb\/post-button\";i:0;s:18:\"uagb\/post-carousel\";i:0;s:17:\"uagb\/post-excerpt\";i:0;s:14:\"uagb\/post-grid\";i:0;s:15:\"uagb\/post-image\";i:0;s:17:\"uagb\/post-masonry\";i:0;s:14:\"uagb\/post-meta\";i:0;s:18:\"uagb\/post-taxonomy\";i:0;s:18:\"uagb\/post-timeline\";i:0;s:15:\"uagb\/post-title\";i:0;s:20:\"uagb\/restaurant-menu\";i:0;s:26:\"uagb\/restaurant-menu-child\";i:0;s:11:\"uagb\/review\";i:0;s:12:\"uagb\/section\";i:0;s:14:\"uagb\/separator\";i:0;s:11:\"uagb\/slider\";i:0;s:17:\"uagb\/slider-child\";i:0;s:17:\"uagb\/social-share\";i:0;s:23:\"uagb\/social-share-child\";i:0;s:16:\"uagb\/star-rating\";i:0;s:23:\"uagb\/sure-cart-checkout\";i:0;s:22:\"uagb\/sure-cart-product\";i:0;s:15:\"uagb\/sure-forms\";i:0;s:22:\"uagb\/table-of-contents\";i:0;s:9:\"uagb\/tabs\";i:0;s:15:\"uagb\/tabs-child\";i:0;s:18:\"uagb\/taxonomy-list\";i:0;s:9:\"uagb\/team\";i:0;s:16:\"uagb\/testimonial\";i:0;s:14:\"uagb\/wp-search\";i:0;s:19:\"uagb\/instagram-feed\";i:0;s:10:\"uagb\/login\";i:0;s:17:\"uagb\/loop-builder\";i:0;s:18:\"uagb\/loop-category\";i:0;s:20:\"uagb\/loop-pagination\";i:0;s:15:\"uagb\/loop-reset\";i:0;s:16:\"uagb\/loop-search\";i:0;s:14:\"uagb\/loop-sort\";i:0;s:17:\"uagb\/loop-wrapper\";i:0;s:13:\"uagb\/register\";i:0;s:19:\"uagb\/register-email\";i:0;s:24:\"uagb\/register-first-name\";i:0;s:23:\"uagb\/register-last-name\";i:0;s:22:\"uagb\/register-password\";i:0;s:30:\"uagb\/register-reenter-password\";i:0;s:19:\"uagb\/register-terms\";i:0;s:22:\"uagb\/register-username\";i:0;}"],"_uag_page_assets":["a:9:{s:3:\"css\";s:260:\".uag-blocks-common-selector{z-index:var(--z-index-desktop) !important}@media(max-width: 976px){.uag-blocks-common-selector{z-index:var(--z-index-tablet) !important}}@media(max-width: 767px){.uag-blocks-common-selector{z-index:var(--z-index-mobile) !important}}\";s:2:\"js\";s:0:\"\";s:18:\"current_block_list\";a:2:{i:0;s:14:\"core\/paragraph\";i:1;s:12:\"core\/heading\";}s:8:\"uag_flag\";b:0;s:11:\"uag_version\";s:10:\"1777311404\";s:6:\"gfonts\";a:0:{}s:10:\"gfonts_url\";s:0:\"\";s:12:\"gfonts_files\";a:0:{}s:14:\"uag_faq_layout\";b:0;}"]},"uagb_featured_image_src":{"full":false,"thumbnail":false,"medium":false,"medium_large":false,"large":false,"1536x1536":false,"2048x2048":false,"gform-image-choice-sm":false,"gform-image-choice-md":false,"gform-image-choice-lg":false},"uagb_author_info":{"display_name":"David S\u00e1nchez","author_link":"https:\/\/lyfense.com\/es\/resources\/author\/davidsanchez\/"},"uagb_comment_info":0,"uagb_excerpt":"Nombre: Lynx Financial Crime Tech S.A.Domicilio social: Avda de Cantabria s\/n, 28660 Boadilla del Monte (Madrid)CIF: A-10971489Contacto del delegado de protecci\u00f3n de datos: privacy@lynxtech.com Esta p\u00e1gina web es propiedad de\u00a0LYNX FINANCIAL CRIME TECH S.A.\u00a0(en adelante\u00a0LFCT), sociedad constituida conforme a la legislaci\u00f3n espa\u00f1ola, con domicilio social en Avda. de Cantabria s\/n, 28660 Boadilla del Monte (Madrid),&hellip;","_links":{"self":[{"href":"https:\/\/lyfense.com\/es\/wp-json\/wp\/v2\/pages\/2367","targetHints":{"allow":["GET"]}}],"collection":[{"href":"https:\/\/lyfense.com\/es\/wp-json\/wp\/v2\/pages"}],"about":[{"href":"https:\/\/lyfense.com\/es\/wp-json\/wp\/v2\/types\/page"}],"author":[{"embeddable":true,"href":"https:\/\/lyfense.com\/es\/wp-json\/wp\/v2\/users\/1"}],"replies":[{"embeddable":true,"href":"https:\/\/lyfense.com\/es\/wp-json\/wp\/v2\/comments?post=2367"}],"version-history":[{"count":5,"href":"https:\/\/lyfense.com\/es\/wp-json\/wp\/v2\/pages\/2367\/revisions"}],"predecessor-version":[{"id":5324,"href":"https:\/\/lyfense.com\/es\/wp-json\/wp\/v2\/pages\/2367\/revisions\/5324"}],"wp:attachment":[{"href":"https:\/\/lyfense.com\/es\/wp-json\/wp\/v2\/media?parent=2367"}],"curies":[{"name":"wp","href":"https:\/\/api.w.org\/{rel}","templated":true}]}}