{"id":2353,"date":"2026-02-11T16:50:52","date_gmt":"2026-02-11T15:50:52","guid":{"rendered":"https:\/\/lyfense-pro.mrmilu.com\/cybersecurity-policy\/"},"modified":"2026-04-13T12:05:50","modified_gmt":"2026-04-13T10:05:50","slug":"cybersecurity-policy","status":"publish","type":"page","link":"https:\/\/lyfense.com\/es\/cybersecurity-policy\/","title":{"rendered":"Pol\u00edtica de ciberseguridad"},"content":{"rendered":"\n<h2 class=\"wp-block-heading\">Pol\u00edtica de seguridad de la informaci\u00f3n<\/h2>\n\n\n\n<h3 class=\"wp-block-heading\"><strong>1. OBJETIVO<\/strong><\/h3>\n\n\n\n<p>El objetivo de esta pol\u00edtica es establecer las directrices generales y el compromiso de Lynx con la gesti\u00f3n de la seguridad de la informaci\u00f3n y los riesgos de ciberseguridad. Esta pol\u00edtica constituye el marco de referencia del Sistema de Gesti\u00f3n de Seguridad de la Informaci\u00f3n (SGSI), basado en la norma ISO 27001, que existe en Lynx Financial Crime Tech.<\/p>\n\n\n\n<h3 class=\"wp-block-heading\"><strong>2. DETALLE<\/strong><\/h3>\n\n\n\n<p>La Pol\u00edtica de Seguridad de la Informaci\u00f3n de Lynx Financial Crime Tech (en adelante Lynx o la empresa), establece los principios que la empresa sigue para garantizar la confidencialidad, integridad y disponibilidad de la informaci\u00f3n, garantizando al mismo tiempo las obligaciones legales en materia de ciberseguridad y alineando los controles con el cumplimiento de los objetivos y estrategia de ciberseguridad de la empresa.<\/p>\n\n\n\n<p>Lynx es consciente de la importancia de la seguridad de la informaci\u00f3n, por lo que asume los siguientes compromisos con respecto al Sistema de Gesti\u00f3n de la Seguridad de la Informaci\u00f3n (SGSI):<\/p>\n\n\n\n<ul class=\"wp-block-list\">\n<li>Garantizar el establecimiento de una estrategia y unos objetivos de ciberseguridad y seguridad de la informaci\u00f3n que est\u00e9n alineados con la estrategia de la empresa y su negocio.<\/li>\n\n\n\n<li>Garantizar que los requisitos y procedimientos de ciberseguridad se integran en los procesos de la empresa.<\/li>\n\n\n\n<li>Garantizar los recursos necesarios para dise\u00f1ar, implantar, mantener y mejorar el Sistema de Gesti\u00f3n de la Seguridad de la Informaci\u00f3n.<\/li>\n\n\n\n<li>Comunicar y concienciar sobre la importancia de disponer de mecanismos de gesti\u00f3n de la ciberseguridad y de conformidad con los requisitos del sistema de gesti\u00f3n de la seguridad de la informaci\u00f3n.<\/li>\n\n\n\n<li>Garantizar que los procesos y el sistema de gesti\u00f3n de la seguridad de la informaci\u00f3n logran resultados adecuados y eficaces.<\/li>\n\n\n\n<li>Dirigir y apoyar a equipos y personas para contribuir a la eficacia del Sistema de Gesti\u00f3n de la Seguridad de la Informaci\u00f3n.<\/li>\n\n\n\n<li>Promover la mejora continua de la ciberseguridad.<\/li>\n\n\n\n<li>Apoyar las funciones de ciberseguridad pertinentes para demostrar liderazgo aplicado a sus \u00e1reas de responsabilidad.<\/li>\n<\/ul>\n\n\n\n<p>Con este fin, la direcci\u00f3n se asegurar\u00e1 de que el personal de Lynx cumpla los reglamentos, pol\u00edticas, normas, procedimientos y directrices relativos a la seguridad de la informaci\u00f3n.<\/p>\n\n\n\n<p>Mediante el desarrollo de su Sistema de Gesti\u00f3n de Seguridad de la Informaci\u00f3n, Lynx pretende garantizar los siguientes objetivos de seguridad:<\/p>\n\n\n\n<ul class=\"wp-block-list\">\n<li>Garantizar la confidencialidad, integridad y disponibilidad de la informaci\u00f3n.<\/li>\n\n\n\n<li>Cumplir todos los requisitos legales aplicables en materia de ciberseguridad.<\/li>\n\n\n\n<li>Formar y sensibilizar a todos los empleados en materia de seguridad de la informaci\u00f3n.<\/li>\n\n\n\n<li>Satisfacer las expectativas y necesidades de seguridad de clientes, empleados, proveedores, reguladores, el Consejo de Administraci\u00f3n y otras partes interesadas.<\/li>\n\n\n\n<li>Gestionar adecuadamente todos los incidentes e incidencias relacionados con la seguridad de la informaci\u00f3n.<\/li>\n\n\n\n<li>Disponer de un plan de continuidad que permita recuperar los procesos y actividades en caso de incidente en el menor tiempo posible.<\/li>\n\n\n\n<li>Informar a los empleados de sus funciones y obligaciones en materia de seguridad, as\u00ed como de su responsabilidad en el cumplimiento de las mismas.<\/li>\n\n\n\n<li>Mejorar continuamente el SGSI y, por tanto, la seguridad de la informaci\u00f3n de la organizaci\u00f3n. Para asegurar el correcto funcionamiento del Sistema de Gesti\u00f3n y cumplir con los objetivos y requisitos establecidos, se ha nombrado un Responsable del SGSI y un Comit\u00e9 que velar\u00e1 por el cumplimiento de las directrices marcadas por esta pol\u00edtica.<\/li>\n<\/ul>\n\n\n\n<p><em><em>Comit\u00e9 SGSI \u2013 Versi\u00f3n 1.0 (junio de 2024)<\/em><\/em><\/p>\n\n\n\n<h2 class=\"wp-block-heading\">Pol\u00edtica de continuidad de las actividades<\/h2>\n\n\n\n<h3 class=\"wp-block-heading\"><strong>1. INTRODUCCI\u00d3N<\/strong><\/h3>\n\n\n\n<p>Lynx, como parte de la estrategia definida para el correcto desarrollo empresarial, considera que algunas amenazas pueden interrumpir nuestras operaciones de negocio y a nuestra prestaci\u00f3n de servicios (tales como fallos de infraestructura, ciberataques, desastres naturales, pandemias\u2026). Por ello, se compromete a evidenciar ante las partes interesadas que, en caso de producirse un incidente o escenario de crisis, la organizaci\u00f3n est\u00e1 preparada y dispone de planes que permiten restablecer la normalidad de las operaciones en los tiempos previstos, evitando o minimizando el impacto que la interrupci\u00f3n de los servicios pudiera ocasionar.<\/p>\n\n\n\n<p>Para el desarrollo de esta pol\u00edtica, Lynx se compromete a planificar, establecer, implantar, operar, supervisar, revisar, mantener y mejorar un sistema de gesti\u00f3n de la continuidad del negocio (BCM) basado en la norma UNE-ISO\/IEC 22301:2019, que cubra adecuadamente todos los requisitos necesarios para asegurar que los procesos contemplados en el alcance se gestionan de acuerdo con los requisitos contemplados en dicha norma.\u00a0<\/p>\n\n\n\n<h3 class=\"wp-block-heading\"><strong>2. OBJETIVO<\/strong><\/h3>\n\n\n\n<p>Establecer el marco general que garantice el correcto desarrollo, implantaci\u00f3n, revisi\u00f3n y mejora del Sistema de Gesti\u00f3n de la Continuidad de Negocio (SGCN) implantado en la organizaci\u00f3n que asegure:<\/p>\n\n\n\n<ul class=\"wp-block-list\">\n<li>La preservaci\u00f3n y continuidad de los procesos y actividades de la organizaci\u00f3n en caso de incidente perturbador.<\/li>\n\n\n\n<li>Una respuesta adecuada y oportuna ante la materializaci\u00f3n de un riesgo incluido en el an\u00e1lisis de riesgos de la organizaci\u00f3n y vinculado tanto al cat\u00e1logo de amenazas actuales de la organizaci\u00f3n como a su cat\u00e1logo de servicios internos, que provoque un escenario de falta de disponibilidad de alguno de los componentes b\u00e1sicos de la actividad de Lynx: personas, infraestructura, tecnolog\u00eda, informaci\u00f3n y proveedores.<\/li>\n\n\n\n<li>La reducci\u00f3n del impacto de posibles cat\u00e1strofes en las actividades empresariales, garantizando que los datos y funciones esenciales se preserven o, si no es posible, que dichos datos o funciones se recuperen, de forma r\u00e1pida y progresiva, hasta que se recupere la normalidad.<\/li>\n<\/ul>\n\n\n\n<h3 class=\"wp-block-heading\"><strong>3. ALCANCE<\/strong><\/h3>\n\n\n\n<p>Esta pol\u00edtica se aplica a todos los procesos y actividades de Lynx y es obligatoria para todo el personal de la organizaci\u00f3n.<\/p>\n\n\n\n<h4 class=\"wp-block-heading\"><strong>4. DETALLE<\/strong><\/h4>\n\n\n\n<p>La pol\u00edtica BCMS de Lynx se basa en los siguientes principios:<\/p>\n\n\n\n<ul class=\"wp-block-list\">\n<li>La protecci\u00f3n y seguridad de las personas es la primera premisa y objetivo prioritario, tanto en situaciones normales como en una situaci\u00f3n de crisis derivada de una cat\u00e1strofe.<\/li>\n\n\n\n<li>La designaci\u00f3n de representantes de las distintas \u00e1reas con la experiencia y conocimientos adecuados, para que participen activamente en la elaboraci\u00f3n, implantaci\u00f3n, revisi\u00f3n, comprobaci\u00f3n y actualizaci\u00f3n de los Planes de Continuidad de Negocio.<\/li>\n\n\n\n<li>El desarrollo e implantaci\u00f3n del Plan de Continuidad de Negocio de Lynx teniendo en cuenta las \u00e1reas y departamentos internos, proveedores y servicios y utilizando sistemas, recursos y procedimientos adecuados y proporcionados.<\/li>\n\n\n\n<li>El aprovechamiento de las sinergias generadas en el desarrollo e implantaci\u00f3n del Plan de Continuidad de Negocio, considerando los medios y recursos comunes de que dispone la organizaci\u00f3n.<\/li>\n\n\n\n<li>La adopci\u00f3n de medidas razonables para la continuidad operativa de los procesos y actividades, en funci\u00f3n de la criticidad de los mismos establecida por la organizaci\u00f3n.<\/li>\n\n\n\n<li>La inclusi\u00f3n de criterios de seguridad y fiabilidad que garanticen razonablemente la continuidad de los servicios cr\u00edticos prestados por terceros, en caso de externalizaci\u00f3n de los mismos.<\/li>\n\n\n\n<li>El desarrollo, dentro del Plan de Continuidad de Negocio, de procedimientos de comunicaci\u00f3n adecuados, tanto internos como externos, que permitan la correcta ejecuci\u00f3n de los mismos, as\u00ed como el suministro puntual de informaci\u00f3n a todas las partes interesadas.<\/li>\n\n\n\n<li>La comunicaci\u00f3n a todo el personal de sus responsabilidades y de los procedimientos que les competen, en el marco de la continuidad de las actividades, mediante tareas de sensibilizaci\u00f3n y formaci\u00f3n.<\/li>\n\n\n\n<li>El desarrollo de un Sistema de Gesti\u00f3n de la Continuidad de Negocio que contemple la realizaci\u00f3n de revisiones, pruebas y actualizaciones del Plan de Continuidad de Negocio de forma peri\u00f3dica o en caso de cambios significativos, en un proceso de mejora continua del mismo.<\/li>\n\n\n\n<li>La permanente disposici\u00f3n a colaborar con las autoridades en caso de cat\u00e1strofe o necesidad, como parte del esp\u00edritu de servicio que impregna todas las actuaciones de Lynx y la responsabilidad hacia la sociedad en la que opera.<\/li>\n<\/ul>\n\n\n\n<p><em><em>Comit\u00e9 BCMS \u2013 Versi\u00f3n 1.0 (diciembre de 2024)<\/em><\/em><\/p>\n\n\n\n<p><strong>Ultima actualizaci\u00f3n:<\/strong> 09 de febrero de 2026<\/p>\n","protected":false},"excerpt":{"rendered":"<p>Pol\u00edtica de seguridad de la informaci\u00f3n 1. OBJETIVO El objetivo de esta pol\u00edtica es establecer las directrices generales y el compromiso de Lynx con la gesti\u00f3n de la seguridad de la informaci\u00f3n y los riesgos de ciberseguridad. Esta pol\u00edtica constituye el marco de referencia del Sistema de Gesti\u00f3n de Seguridad de la Informaci\u00f3n (SGSI), basado [&hellip;]<\/p>\n","protected":false},"author":1,"featured_media":0,"parent":0,"menu_order":0,"comment_status":"closed","ping_status":"closed","template":"","meta":{"_acf_changed":false,"_uag_custom_page_level_css":"","footnotes":""},"class_list":["post-2353","page","type-page","status-publish","hentry"],"acf":[],"yoast_head":"<!-- This site is optimized with the Yoast SEO plugin v27.4 - https:\/\/yoast.com\/product\/yoast-seo-wordpress\/ -->\n<title>Pol\u00edtica de ciberseguridad - Lyfense<\/title>\n<meta name=\"robots\" content=\"index, follow, max-snippet:-1, max-image-preview:large, max-video-preview:-1\" \/>\n<link rel=\"canonical\" href=\"https:\/\/lyfense.com\/es\/cybersecurity-policy\/\" \/>\n<meta property=\"og:locale\" content=\"es_ES\" \/>\n<meta property=\"og:type\" content=\"article\" \/>\n<meta property=\"og:title\" content=\"Pol\u00edtica de ciberseguridad - Lyfense\" \/>\n<meta property=\"og:description\" content=\"Pol\u00edtica de seguridad de la informaci\u00f3n 1. OBJETIVO El objetivo de esta pol\u00edtica es establecer las directrices generales y el compromiso de Lynx con la gesti\u00f3n de la seguridad de la informaci\u00f3n y los riesgos de ciberseguridad. Esta pol\u00edtica constituye el marco de referencia del Sistema de Gesti\u00f3n de Seguridad de la Informaci\u00f3n (SGSI), basado [&hellip;]\" \/>\n<meta property=\"og:url\" content=\"https:\/\/lyfense.com\/es\/cybersecurity-policy\/\" \/>\n<meta property=\"og:site_name\" content=\"Lyfense\" \/>\n<meta property=\"article:modified_time\" content=\"2026-04-13T10:05:50+00:00\" \/>\n<meta name=\"twitter:card\" content=\"summary_large_image\" \/>\n<meta name=\"twitter:label1\" content=\"Tiempo de lectura\" \/>\n\t<meta name=\"twitter:data1\" content=\"6 minutos\" \/>\n<script type=\"application\/ld+json\" class=\"yoast-schema-graph\">{\"@context\":\"https:\\\/\\\/schema.org\",\"@graph\":[{\"@type\":\"WebPage\",\"@id\":\"https:\\\/\\\/lyfense.com\\\/es\\\/cybersecurity-policy\\\/\",\"url\":\"https:\\\/\\\/lyfense.com\\\/es\\\/cybersecurity-policy\\\/\",\"name\":\"Pol\u00edtica de ciberseguridad - Lyfense\",\"isPartOf\":{\"@id\":\"\\\/#website\"},\"datePublished\":\"2026-02-11T15:50:52+00:00\",\"dateModified\":\"2026-04-13T10:05:50+00:00\",\"breadcrumb\":{\"@id\":\"https:\\\/\\\/lyfense.com\\\/es\\\/cybersecurity-policy\\\/#breadcrumb\"},\"inLanguage\":\"es\",\"potentialAction\":[{\"@type\":\"ReadAction\",\"target\":[\"https:\\\/\\\/lyfense.com\\\/es\\\/cybersecurity-policy\\\/\"]}]},{\"@type\":\"BreadcrumbList\",\"@id\":\"https:\\\/\\\/lyfense.com\\\/es\\\/cybersecurity-policy\\\/#breadcrumb\",\"itemListElement\":[{\"@type\":\"ListItem\",\"position\":1,\"name\":\"Home\",\"item\":\"https:\\\/\\\/lyfense.com\\\/es\\\/\"},{\"@type\":\"ListItem\",\"position\":2,\"name\":\"Pol\u00edtica de ciberseguridad\"}]},{\"@type\":\"WebSite\",\"@id\":\"\\\/#website\",\"url\":\"\\\/\",\"name\":\"Lyfense\",\"description\":\"\",\"publisher\":{\"@id\":\"\\\/#organization\"},\"potentialAction\":[{\"@type\":\"SearchAction\",\"target\":{\"@type\":\"EntryPoint\",\"urlTemplate\":\"\\\/?s={search_term_string}\"},\"query-input\":{\"@type\":\"PropertyValueSpecification\",\"valueRequired\":true,\"valueName\":\"search_term_string\"}}],\"inLanguage\":\"es\"},{\"@type\":\"Organization\",\"@id\":\"\\\/#organization\",\"name\":\"Lyfense\",\"alternateName\":\"Lyfense\",\"url\":\"\\\/\",\"logo\":{\"@type\":\"ImageObject\",\"inLanguage\":\"es\",\"@id\":\"\\\/#\\\/schema\\\/logo\\\/image\\\/\",\"url\":\"https:\\\/\\\/lyfense.com\\\/wp-content\\\/uploads\\\/2026\\\/03\\\/Lyfense-Logo-Horizontal-Black-2.svg\",\"contentUrl\":\"https:\\\/\\\/lyfense.com\\\/wp-content\\\/uploads\\\/2026\\\/03\\\/Lyfense-Logo-Horizontal-Black-2.svg\",\"width\":1,\"height\":1,\"caption\":\"Lyfense\"},\"image\":{\"@id\":\"\\\/#\\\/schema\\\/logo\\\/image\\\/\"},\"sameAs\":[\"https:\\\/\\\/www.linkedin.com\\\/company\\\/lynxtech-ai\\\/\",\"https:\\\/\\\/www.youtube.com\\\/@lynxtech-ai\"]}]}<\/script>\n<!-- \/ Yoast SEO plugin. -->","yoast_head_json":{"title":"Pol\u00edtica de ciberseguridad - Lyfense","robots":{"index":"index","follow":"follow","max-snippet":"max-snippet:-1","max-image-preview":"max-image-preview:large","max-video-preview":"max-video-preview:-1"},"canonical":"https:\/\/lyfense.com\/es\/cybersecurity-policy\/","og_locale":"es_ES","og_type":"article","og_title":"Pol\u00edtica de ciberseguridad - Lyfense","og_description":"Pol\u00edtica de seguridad de la informaci\u00f3n 1. OBJETIVO El objetivo de esta pol\u00edtica es establecer las directrices generales y el compromiso de Lynx con la gesti\u00f3n de la seguridad de la informaci\u00f3n y los riesgos de ciberseguridad. Esta pol\u00edtica constituye el marco de referencia del Sistema de Gesti\u00f3n de Seguridad de la Informaci\u00f3n (SGSI), basado [&hellip;]","og_url":"https:\/\/lyfense.com\/es\/cybersecurity-policy\/","og_site_name":"Lyfense","article_modified_time":"2026-04-13T10:05:50+00:00","twitter_card":"summary_large_image","twitter_misc":{"Tiempo de lectura":"6 minutos"},"schema":{"@context":"https:\/\/schema.org","@graph":[{"@type":"WebPage","@id":"https:\/\/lyfense.com\/es\/cybersecurity-policy\/","url":"https:\/\/lyfense.com\/es\/cybersecurity-policy\/","name":"Pol\u00edtica de ciberseguridad - Lyfense","isPartOf":{"@id":"\/#website"},"datePublished":"2026-02-11T15:50:52+00:00","dateModified":"2026-04-13T10:05:50+00:00","breadcrumb":{"@id":"https:\/\/lyfense.com\/es\/cybersecurity-policy\/#breadcrumb"},"inLanguage":"es","potentialAction":[{"@type":"ReadAction","target":["https:\/\/lyfense.com\/es\/cybersecurity-policy\/"]}]},{"@type":"BreadcrumbList","@id":"https:\/\/lyfense.com\/es\/cybersecurity-policy\/#breadcrumb","itemListElement":[{"@type":"ListItem","position":1,"name":"Home","item":"https:\/\/lyfense.com\/es\/"},{"@type":"ListItem","position":2,"name":"Pol\u00edtica de ciberseguridad"}]},{"@type":"WebSite","@id":"\/#website","url":"\/","name":"Lyfense","description":"","publisher":{"@id":"\/#organization"},"potentialAction":[{"@type":"SearchAction","target":{"@type":"EntryPoint","urlTemplate":"\/?s={search_term_string}"},"query-input":{"@type":"PropertyValueSpecification","valueRequired":true,"valueName":"search_term_string"}}],"inLanguage":"es"},{"@type":"Organization","@id":"\/#organization","name":"Lyfense","alternateName":"Lyfense","url":"\/","logo":{"@type":"ImageObject","inLanguage":"es","@id":"\/#\/schema\/logo\/image\/","url":"https:\/\/lyfense.com\/wp-content\/uploads\/2026\/03\/Lyfense-Logo-Horizontal-Black-2.svg","contentUrl":"https:\/\/lyfense.com\/wp-content\/uploads\/2026\/03\/Lyfense-Logo-Horizontal-Black-2.svg","width":1,"height":1,"caption":"Lyfense"},"image":{"@id":"\/#\/schema\/logo\/image\/"},"sameAs":["https:\/\/www.linkedin.com\/company\/lynxtech-ai\/","https:\/\/www.youtube.com\/@lynxtech-ai"]}]}},"spectra_custom_meta":{"_last_translation_edit_mode":["native-editor"],"_top_nav_excluded":[""],"_cms_nav_minihome":[""],"_wpml_word_count":["1413"],"_edit_lock":["1776074752:1"],"_wp_page_template":[""],"_edit_last":["1"],"_lynx_hide_title":["0"],"_yoast_wpseo_content_score":["30"],"_yoast_wpseo_estimated-reading-time-minutes":["6"],"_uag_css_file_name":["uag-css-2353.css"],"_uagb_previous_block_counts":["a:90:{s:21:\"uagb\/advanced-heading\";i:0;s:15:\"uagb\/blockquote\";i:0;s:12:\"uagb\/buttons\";i:0;s:18:\"uagb\/buttons-child\";i:0;s:19:\"uagb\/call-to-action\";i:0;s:15:\"uagb\/cf7-styler\";i:0;s:11:\"uagb\/column\";i:0;s:12:\"uagb\/columns\";i:0;s:14:\"uagb\/container\";i:0;s:21:\"uagb\/content-timeline\";i:0;s:27:\"uagb\/content-timeline-child\";i:0;s:14:\"uagb\/countdown\";i:0;s:12:\"uagb\/counter\";i:0;s:8:\"uagb\/faq\";i:0;s:14:\"uagb\/faq-child\";i:0;s:10:\"uagb\/forms\";i:0;s:17:\"uagb\/forms-accept\";i:0;s:19:\"uagb\/forms-checkbox\";i:0;s:15:\"uagb\/forms-date\";i:0;s:16:\"uagb\/forms-email\";i:0;s:17:\"uagb\/forms-hidden\";i:0;s:15:\"uagb\/forms-name\";i:0;s:16:\"uagb\/forms-phone\";i:0;s:16:\"uagb\/forms-radio\";i:0;s:17:\"uagb\/forms-select\";i:0;s:19:\"uagb\/forms-textarea\";i:0;s:17:\"uagb\/forms-toggle\";i:0;s:14:\"uagb\/forms-url\";i:0;s:14:\"uagb\/gf-styler\";i:0;s:15:\"uagb\/google-map\";i:0;s:11:\"uagb\/how-to\";i:0;s:16:\"uagb\/how-to-step\";i:0;s:9:\"uagb\/icon\";i:0;s:14:\"uagb\/icon-list\";i:0;s:20:\"uagb\/icon-list-child\";i:0;s:10:\"uagb\/image\";i:0;s:18:\"uagb\/image-gallery\";i:0;s:13:\"uagb\/info-box\";i:0;s:18:\"uagb\/inline-notice\";i:0;s:11:\"uagb\/lottie\";i:0;s:21:\"uagb\/marketing-button\";i:0;s:10:\"uagb\/modal\";i:0;s:18:\"uagb\/popup-builder\";i:0;s:16:\"uagb\/post-button\";i:0;s:18:\"uagb\/post-carousel\";i:0;s:17:\"uagb\/post-excerpt\";i:0;s:14:\"uagb\/post-grid\";i:0;s:15:\"uagb\/post-image\";i:0;s:17:\"uagb\/post-masonry\";i:0;s:14:\"uagb\/post-meta\";i:0;s:18:\"uagb\/post-taxonomy\";i:0;s:18:\"uagb\/post-timeline\";i:0;s:15:\"uagb\/post-title\";i:0;s:20:\"uagb\/restaurant-menu\";i:0;s:26:\"uagb\/restaurant-menu-child\";i:0;s:11:\"uagb\/review\";i:0;s:12:\"uagb\/section\";i:0;s:14:\"uagb\/separator\";i:0;s:11:\"uagb\/slider\";i:0;s:17:\"uagb\/slider-child\";i:0;s:17:\"uagb\/social-share\";i:0;s:23:\"uagb\/social-share-child\";i:0;s:16:\"uagb\/star-rating\";i:0;s:23:\"uagb\/sure-cart-checkout\";i:0;s:22:\"uagb\/sure-cart-product\";i:0;s:15:\"uagb\/sure-forms\";i:0;s:22:\"uagb\/table-of-contents\";i:0;s:9:\"uagb\/tabs\";i:0;s:15:\"uagb\/tabs-child\";i:0;s:18:\"uagb\/taxonomy-list\";i:0;s:9:\"uagb\/team\";i:0;s:16:\"uagb\/testimonial\";i:0;s:14:\"uagb\/wp-search\";i:0;s:19:\"uagb\/instagram-feed\";i:0;s:10:\"uagb\/login\";i:0;s:17:\"uagb\/loop-builder\";i:0;s:18:\"uagb\/loop-category\";i:0;s:20:\"uagb\/loop-pagination\";i:0;s:15:\"uagb\/loop-reset\";i:0;s:16:\"uagb\/loop-search\";i:0;s:14:\"uagb\/loop-sort\";i:0;s:17:\"uagb\/loop-wrapper\";i:0;s:13:\"uagb\/register\";i:0;s:19:\"uagb\/register-email\";i:0;s:24:\"uagb\/register-first-name\";i:0;s:23:\"uagb\/register-last-name\";i:0;s:22:\"uagb\/register-password\";i:0;s:30:\"uagb\/register-reenter-password\";i:0;s:19:\"uagb\/register-terms\";i:0;s:22:\"uagb\/register-username\";i:0;}"],"_uag_page_assets":["a:9:{s:3:\"css\";s:260:\".uag-blocks-common-selector{z-index:var(--z-index-desktop) !important}@media(max-width: 976px){.uag-blocks-common-selector{z-index:var(--z-index-tablet) !important}}@media(max-width: 767px){.uag-blocks-common-selector{z-index:var(--z-index-mobile) !important}}\";s:2:\"js\";s:0:\"\";s:18:\"current_block_list\";a:4:{i:0;s:12:\"core\/heading\";i:1;s:14:\"core\/paragraph\";i:2;s:9:\"core\/list\";i:3;s:14:\"core\/list-item\";}s:8:\"uag_flag\";b:0;s:11:\"uag_version\";s:10:\"1776883986\";s:6:\"gfonts\";a:0:{}s:10:\"gfonts_url\";s:0:\"\";s:12:\"gfonts_files\";a:0:{}s:14:\"uag_faq_layout\";b:0;}"]},"uagb_featured_image_src":{"full":false,"thumbnail":false,"medium":false,"medium_large":false,"large":false,"1536x1536":false,"2048x2048":false,"gform-image-choice-sm":false,"gform-image-choice-md":false,"gform-image-choice-lg":false},"uagb_author_info":{"display_name":"David S\u00e1nchez","author_link":"https:\/\/lyfense.com\/es\/resources\/author\/davidsanchez\/"},"uagb_comment_info":0,"uagb_excerpt":"Pol\u00edtica de seguridad de la informaci\u00f3n 1. OBJETIVO El objetivo de esta pol\u00edtica es establecer las directrices generales y el compromiso de Lynx con la gesti\u00f3n de la seguridad de la informaci\u00f3n y los riesgos de ciberseguridad. Esta pol\u00edtica constituye el marco de referencia del Sistema de Gesti\u00f3n de Seguridad de la Informaci\u00f3n (SGSI), basado&hellip;","_links":{"self":[{"href":"https:\/\/lyfense.com\/es\/wp-json\/wp\/v2\/pages\/2353","targetHints":{"allow":["GET"]}}],"collection":[{"href":"https:\/\/lyfense.com\/es\/wp-json\/wp\/v2\/pages"}],"about":[{"href":"https:\/\/lyfense.com\/es\/wp-json\/wp\/v2\/types\/page"}],"author":[{"embeddable":true,"href":"https:\/\/lyfense.com\/es\/wp-json\/wp\/v2\/users\/1"}],"replies":[{"embeddable":true,"href":"https:\/\/lyfense.com\/es\/wp-json\/wp\/v2\/comments?post=2353"}],"version-history":[{"count":11,"href":"https:\/\/lyfense.com\/es\/wp-json\/wp\/v2\/pages\/2353\/revisions"}],"predecessor-version":[{"id":5326,"href":"https:\/\/lyfense.com\/es\/wp-json\/wp\/v2\/pages\/2353\/revisions\/5326"}],"wp:attachment":[{"href":"https:\/\/lyfense.com\/es\/wp-json\/wp\/v2\/media?parent=2353"}],"curies":[{"name":"wp","href":"https:\/\/api.w.org\/{rel}","templated":true}]}}